{"id":10537,"date":"2024-06-21T14:37:10","date_gmt":"2024-06-21T17:37:10","guid":{"rendered":"https:\/\/colgrad.direito.ufmg.br\/?page_id=10537"},"modified":"2025-12-19T14:10:45","modified_gmt":"2025-12-19T17:10:45","slug":"atividades-complementares-de-graduacao","status":"publish","type":"page","link":"https:\/\/colgrad.direito.ufmg.br\/?page_id=10537","title":{"rendered":"Atividades Complementares de Gradua\u00e7\u00e3o"},"content":{"rendered":"<p>Os alunos do Curso de Gradua\u00e7\u00e3o em Direito da UFMG, dever\u00e3o cumprir atividades complementares, conforme a op\u00e7\u00e3o escolhida para a integraliza\u00e7\u00e3o do referido curso, conforme a Resolu\u00e7\u00e3o n\u00ba 15 ( link a seguir ) <a href=\"https:\/\/colgrad.direito.ufmg.br\/wp-content\/uploads\/2023\/01\/ACG-2012-RESOLUCAO.pdf\">Resolu\u00e7\u00e3o N\u00ba15 \u2013 Mar\u00e7o 2012<\/a><\/p>\n<p>O protocolo para requerer a dispensa de horas de ACG \u00e9 feita exclusivamente por meio digital, no endere\u00e7o <strong>acg@direito.ufmg.br <\/strong><\/p>\n<p>Aten\u00e7\u00e3o: N\u00c3O ser\u00e3o consideradas mensagens enviadas para quaisquer outros endere\u00e7os de e-mail.<\/p>\n<p>A documenta\u00e7\u00e3o correta a ser encaminhada, <strong>em arquivo \u00fanico<\/strong>, \u00e9 :<\/p>\n<ul>\n<li><strong>Formul\u00e1rio de ACG devidamente preenchido pelo aluno, mantida a vers\u00e3o em PDF edit\u00e1vel.<\/strong><\/li>\n<li><strong>Certificados e demais documentos comprobat\u00f3rios com as respectivas cargas hor\u00e1rias.<\/strong><\/li>\n<li><strong>Percurso Curricular. Nesse caso, um print da tela no SIGA, no caminho: Gradua\u00e7\u00e3o &gt; Meu plano de estudos, \u00e9 suficiente.<\/strong><\/li>\n<\/ul>\n<p>ATEN\u00c7\u00c3O: Arquivos com 20mb+ podem n\u00e3o ser recebidos na caixa de entrada dos e-mails da unidade. Para esses casos, \u00e9 permitido enviar o requerimento em duas partes, em mais de uma mensagem.<\/p>\n<table>\n<tbody>\n<tr>\n<td><strong>Formul\u00e1rios de ACG<\/strong><\/td>\n<\/tr>\n<tr>\n<td><a href=\"https:\/\/colgrad.direito.ufmg.br\/wp-content\/uploads\/2020\/07\/acg-participacaoemdefesadotrabalhodecurso.pdf\">Comprovante de participa\u00e7\u00e3o em banca<\/a><\/td>\n<\/tr>\n<tr>\n<td><a href=\"https:\/\/colgrad.direito.ufmg.br\/wp-content\/uploads\/2020\/07\/N-acg-requerimentoversao2012.pdf\">FORMUL\u00c1RIO de ACG<\/a><\/td>\n<\/tr>\n<\/tbody>\n<\/table>\n<table>\n<tbody>\n<tr>\n<td><strong>Resolu\u00e7\u00f5es de ACG<\/strong><\/td>\n<\/tr>\n<tr>\n<td><a href=\"https:\/\/colgrad.direito.ufmg.br\/wp-content\/uploads\/2019\/05\/ACG-2012-RESOLU\u00c7AO.pdf\">Resolu\u00e7\u00e3o 15 de 20\/03\/2012 \u2013 Regulamenta ACG<\/a><\/td>\n<\/tr>\n<tr>\n<td><a href=\"https:\/\/colgrad.direito.ufmg.br\/wp-content\/uploads\/2018\/12\/RESOLU\u00c7\u00c3O-N\u00ba-11-REGULAMENTA-ACG-REVOGADA.pdf\"><del>Resolu\u00e7\u00e3o 11 de 22\/09\/2009- Regulamenta ACG<\/del> \u2013 REVOGADA<\/a><\/td>\n<\/tr>\n<tr>\n<td><a href=\"https:\/\/colgrad.direito.ufmg.br\/wp-content\/uploads\/2018\/12\/RESOLU\u00c7\u00c3O-ACG-VERS\u00c3O-CURRICULAR-2003-E-2004.pdf\">Resolu\u00e7\u00e3o 02\/2001 \u2013 Regulamenta ACG \u2013 Vers\u00f5es Curriculares 2003-2 e 2004-1<\/a><\/td>\n<\/tr>\n<\/tbody>\n<\/table>\n<table>\n<tbody>\n<tr>\n<td><strong>Resultados de ACG<\/strong><\/td>\n<\/tr>\n<tr>\n<td><em><a href=\"https:\/\/colgrad.direito.ufmg.br\/wp-content\/uploads\/2025\/12\/RESULTADO-ACG-2025.2-1.pdf\">RESULTADO ACG &#8211; 2025.2<\/a>\u00a0 \u00faltima atualiza\u00e7\u00e3o: 19\/12\/25<\/em><\/td>\n<\/tr>\n<\/tbody>\n<\/table>\n","protected":false},"excerpt":{"rendered":"<p>Os alunos do Curso de Gradua\u00e7\u00e3o em Direito da UFMG, dever\u00e3o cumprir atividades complementares, conforme a op\u00e7\u00e3o escolhida para a integraliza\u00e7\u00e3o do referido curso, conforme a Resolu\u00e7\u00e3o n\u00ba 15 (&hellip;<\/p>\n","protected":false},"author":1,"featured_media":0,"parent":0,"menu_order":0,"comment_status":"closed","ping_status":"closed","template":"","meta":{"footnotes":""},"class_list":["post-10537","page","type-page","status-publish","hentry"],"publishpress_future_action":{"enabled":false,"date":"2026-04-21 01:30:45","action":"change-status","newStatus":"draft","terms":[],"taxonomy":"","extraData":[]},"publishpress_future_workflow_manual_trigger":{"enabledWorkflows":[]},"_links":{"self":[{"href":"https:\/\/colgrad.direito.ufmg.br\/index.php?rest_route=\/wp\/v2\/pages\/10537","targetHints":{"allow":["GET"]}}],"collection":[{"href":"https:\/\/colgrad.direito.ufmg.br\/index.php?rest_route=\/wp\/v2\/pages"}],"about":[{"href":"https:\/\/colgrad.direito.ufmg.br\/index.php?rest_route=\/wp\/v2\/types\/page"}],"author":[{"embeddable":true,"href":"https:\/\/colgrad.direito.ufmg.br\/index.php?rest_route=\/wp\/v2\/users\/1"}],"replies":[{"embeddable":true,"href":"https:\/\/colgrad.direito.ufmg.br\/index.php?rest_route=%2Fwp%2Fv2%2Fcomments&post=10537"}],"version-history":[{"count":21,"href":"https:\/\/colgrad.direito.ufmg.br\/index.php?rest_route=\/wp\/v2\/pages\/10537\/revisions"}],"predecessor-version":[{"id":16097,"href":"https:\/\/colgrad.direito.ufmg.br\/index.php?rest_route=\/wp\/v2\/pages\/10537\/revisions\/16097"}],"wp:attachment":[{"href":"https:\/\/colgrad.direito.ufmg.br\/index.php?rest_route=%2Fwp%2Fv2%2Fmedia&parent=10537"}],"curies":[{"name":"wp","href":"https:\/\/api.w.org\/{rel}","templated":true}]}}