{"id":10543,"date":"2024-06-21T14:37:36","date_gmt":"2024-06-21T17:37:36","guid":{"rendered":"https:\/\/colgrad.direito.ufmg.br\/?page_id=10543"},"modified":"2026-05-06T20:41:33","modified_gmt":"2026-05-06T23:41:33","slug":"tabalho-de-conclusao-de-curso","status":"publish","type":"page","link":"https:\/\/colgrad.direito.ufmg.br\/?page_id=10543","title":{"rendered":"Trabalho de Conclus\u00e3o de Curso e Defesas Agendadas"},"content":{"rendered":"<div class=\"entry-content\">\n<div id=\"columns-position\">\n<div id=\"columns\" class=\"float-break\">\n<div id=\"main-position\">\n<div id=\"main\" class=\"float-break\">\n<div class=\"overflow-fix\">\n<div class=\"border-box\">\n<div class=\"border-ml\">\n<div class=\"border-mr\">\n<div class=\"border-mc float-break\">\n<div class=\"content-view-full\">\n<div class=\"class-folder\">\n<div class=\"attribute-long\">\n<p>A elabora\u00e7\u00e3o e defesa de monografia final de curso s\u00e3o partes integrantes e obrigat\u00f3rias do Curso de Gradua\u00e7\u00e3o em Direito e, at\u00e9 a elabora\u00e7\u00e3o de nova resolu\u00e7\u00e3o que regulamente o Trabalho de Conclus\u00e3o de Curso, ser\u00e3o realizadas conforme a respectiva Portaria do semestre vigente.<\/p>\n<p><strong>ATEN\u00c7\u00c3O! A leitura da Portaria e de seu Anexo I \u00e9 imprescind\u00edvel para quaisquer estudantes matriculados nas disciplinas de TCC I, TCC II e TCC III<\/strong><\/p>\n<p><a href=\"https:\/\/colgrad.direito.ufmg.br\/wp-content\/uploads\/2026\/03\/Portaria-01-2026-Trabalho-de-Conclusao-de-Curso.pdf\">Portaria 01-2026 Trabalho de Conclus\u00e3o de Curso<\/a><\/p>\n<p><a href=\"https:\/\/colgrad.direito.ufmg.br\/wp-content\/uploads\/2026\/03\/Anexo-I-Portaria-01-2026.pdf\">Anexo I &#8211; Portaria 01-2026<\/a><\/p>\n<p>&nbsp;<\/p>\n<\/div>\n<\/div>\n<\/div>\n<\/div>\n<\/div>\n<\/div>\n<\/div>\n<\/div>\n<\/div>\n<\/div>\n<\/div>\n<\/div>\n<\/div>\n<p><strong><span style=\"font-size: 14pt; color: #ff0000;\"><span style=\"font-size: 18pt;\">ATEN\u00c7\u00c3O!<\/span> <\/span><\/strong><\/p>\n<p><strong><span style=\"color: #ff0000; font-size: 14pt;\">Conforme Artigo V da Portaria 01\/2026, as atas de defesa dever\u00e3o ser preenchidas pelo(a) estudante e enviadas ao endere\u00e7o de e-mail respectivo (tcc@direito.ufmg.br) com ANTECED\u00caNCIA M\u00cdNIMA DE 48 HORAS em rela\u00e7\u00e3o \u00e0 data agendada para a defesa.<\/span><\/strong><\/p>\n<p><strong><span style=\"color: #ff0000; font-size: 14pt;\">Ap\u00f3s a ocorr\u00eancia da defesa, a ata assinada pelos membros da banca s\u00f3 ser\u00e1 aceita pelos(as) servidores(as) da Secretaria do Colegiado se contiver o carimbo e rubrica de um(a) deles(as), conforme estabelecido no Artigo V, itens <em><span style=\"text-decoration: underline;\">b<\/span>,<\/em> <span style=\"text-decoration: underline;\"><em>c<\/em><\/span> e <span style=\"text-decoration: underline;\"><em>d<\/em><\/span> da Portaria 02\/2025.<\/span><\/strong><\/p>\n<p>&nbsp;<\/p>\n<div class=\"entry-content\">\n<div id=\"columns-position\">\n<div id=\"columns\" class=\"float-break\">\n<div id=\"main-position\">\n<div id=\"main\" class=\"float-break\">\n<div class=\"overflow-fix\">\n<div class=\"border-box\">\n<div class=\"border-ml\">\n<div class=\"border-mr\">\n<div class=\"border-mc float-break\">\n<p><strong>Defesas de TCC &#8211; 2026\/1<\/strong><\/p>\n<p><a href=\"https:\/\/colgrad.direito.ufmg.br\/wp-content\/uploads\/2026\/03\/03-Marco-1.pdf\">Mar\u00e7o<\/a><\/p>\n<p><a href=\"https:\/\/colgrad.direito.ufmg.br\/wp-content\/uploads\/2026\/04\/04-Abril-3.pdf\">Abril<\/a><\/p>\n<p><a href=\"https:\/\/colgrad.direito.ufmg.br\/wp-content\/uploads\/2026\/05\/05-Maio.pdf\">Maio<\/a><\/p>\n<\/div>\n<\/div>\n<\/div>\n<\/div>\n<\/div>\n<div class=\"overflow-fix\">\n<div class=\"border-box\">\n<div class=\"border-ml\">\n<div class=\"border-mr\">\n<div class=\"border-mc float-break\">\n<p>&nbsp;<\/p>\n<p>ATEN\u00c7\u00c3O: os alunos que necessitarem de quaisquer equipamentos de audiovisual dever\u00e3o contatar com anteced\u00eancia o setor respons\u00e1vel (Setor de Audiovisual: 3409-8715 \/ audiovisual@direito.ufmg.br). O Colegiado n\u00e3o tem qualquer responsabilidade em rela\u00e7\u00e3o a essa demanda.<\/p>\n<\/div>\n<\/div>\n<\/div>\n<\/div>\n<\/div>\n<\/div>\n<\/div>\n<\/div>\n<div id=\"columns\" class=\"float-break\">\n<div id=\"main-position\">\n<div id=\"main\" class=\"float-break\">\n<div class=\"overflow-fix\">\n<div class=\"border-box\">\n<div class=\"border-ml\">\n<div class=\"border-mr\">\n<div class=\"border-mc float-break\">\n<p>&nbsp;<\/p>\n<p><strong>FORMUL\u00c1RIOS DE TCC<\/strong><\/p>\n<table style=\"border-collapse: collapse; width: 102%; height: 192px;\">\n<tbody>\n<tr style=\"height: 24px;\">\n<td style=\"width: 50%; height: 24px; text-align: center;\">Indica\u00e7\u00e3o de Orientador<\/td>\n<td style=\"width: 52%; height: 24px; text-align: center;\"><a href=\"https:\/\/colgrad.direito.ufmg.br\/wp-content\/uploads\/2024\/06\/FORMULARIO-INDICACAO-ORIENTADOR-EDITAVEL-1.pdf\">Clique aqui<\/a><\/td>\n<\/tr>\n<tr style=\"height: 24px;\">\n<td style=\"width: 50%; height: 24px; text-align: center;\">Mudan\u00e7a de Tema<\/td>\n<td style=\"width: 52%; height: 24px; text-align: center;\"><a href=\"https:\/\/colgrad.direito.ufmg.br\/wp-content\/uploads\/2024\/06\/FORMULARIO-MUDANCA-DE-TEMA-TCCpdf-1.pdf\">Clique aqui<\/a><\/td>\n<\/tr>\n<tr style=\"height: 24px;\">\n<td style=\"width: 50%; height: 24px; text-align: center;\">Registro de Notas &#8211; TCC 1 e 2<\/td>\n<td style=\"width: 52%; height: 24px; text-align: center;\"><a href=\"https:\/\/colgrad.direito.ufmg.br\/wp-content\/uploads\/2024\/06\/FORMULARIO-DEPOSITO-TCCI-E-II.pdf\">Clique aqui<\/a><\/td>\n<\/tr>\n<tr style=\"height: 24px;\">\n<td style=\"width: 50%; height: 24px; text-align: center;\">Mudan\u00e7a de Orientador<\/td>\n<td style=\"width: 52%; height: 24px; text-align: center;\"><a href=\"https:\/\/colgrad.direito.ufmg.br\/wp-content\/uploads\/2024\/06\/FORMULARIO-MUDANCA-DE-ORIENTADOR-EDITAVEL.pdf\">Clique aqui<\/a><\/td>\n<\/tr>\n<tr style=\"height: 24px;\">\n<td style=\"width: 50%; height: 24px; text-align: center;\">Agendamento de Defesa<\/td>\n<td style=\"width: 52%; height: 24px; text-align: center;\"><a href=\"https:\/\/colgrad.direito.ufmg.br\/wp-content\/uploads\/2024\/06\/FORMULARIO-MARCACAO-DEFESA-2.pdf\">Clique aqui<\/a><\/td>\n<\/tr>\n<tr style=\"height: 24px;\">\n<td style=\"width: 50%; height: 24px; text-align: center;\">Ata de Defesa (.odt\/doc edit\u00e1vel)<\/td>\n<td style=\"width: 52%; height: 24px; text-align: center;\"><a href=\"https:\/\/colgrad.direito.ufmg.br\/wp-content\/uploads\/2024\/10\/ATA-de-defesa-editavel-4.odt\">Clique aqui<\/a><\/td>\n<\/tr>\n<tr style=\"height: 24px;\">\n<td style=\"width: 50%; text-align: center; height: 24px;\">Exemplo de preenchimento da ata de defesa<\/td>\n<td style=\"width: 52%; text-align: center; height: 24px;\"><a href=\"https:\/\/colgrad.direito.ufmg.br\/wp-content\/uploads\/2024\/10\/EXEMPLO-PREENCHIMENTO-ATA-DE-DEFESA-2.pdf\">Clique aqui<\/a><\/td>\n<\/tr>\n<\/tbody>\n<\/table>\n<\/div>\n<\/div>\n<\/div>\n<\/div>\n<\/div>\n<\/div>\n<\/div>\n<\/div>\n<\/div>\n<\/div>\n","protected":false},"excerpt":{"rendered":"<p>A elabora\u00e7\u00e3o e defesa de monografia final de curso s\u00e3o partes integrantes e obrigat\u00f3rias do Curso de Gradua\u00e7\u00e3o em Direito e, at\u00e9 a elabora\u00e7\u00e3o de nova resolu\u00e7\u00e3o que regulamente o&hellip;<\/p>\n","protected":false},"author":1,"featured_media":0,"parent":0,"menu_order":0,"comment_status":"closed","ping_status":"closed","template":"","meta":{"footnotes":""},"class_list":["post-10543","page","type-page","status-publish","hentry"],"publishpress_future_action":{"enabled":false,"date":"2026-05-14 16:36:29","action":"change-status","newStatus":"draft","terms":[],"taxonomy":"","extraData":[]},"publishpress_future_workflow_manual_trigger":{"enabledWorkflows":[]},"_links":{"self":[{"href":"https:\/\/colgrad.direito.ufmg.br\/index.php?rest_route=\/wp\/v2\/pages\/10543","targetHints":{"allow":["GET"]}}],"collection":[{"href":"https:\/\/colgrad.direito.ufmg.br\/index.php?rest_route=\/wp\/v2\/pages"}],"about":[{"href":"https:\/\/colgrad.direito.ufmg.br\/index.php?rest_route=\/wp\/v2\/types\/page"}],"author":[{"embeddable":true,"href":"https:\/\/colgrad.direito.ufmg.br\/index.php?rest_route=\/wp\/v2\/users\/1"}],"replies":[{"embeddable":true,"href":"https:\/\/colgrad.direito.ufmg.br\/index.php?rest_route=%2Fwp%2Fv2%2Fcomments&post=10543"}],"version-history":[{"count":288,"href":"https:\/\/colgrad.direito.ufmg.br\/index.php?rest_route=\/wp\/v2\/pages\/10543\/revisions"}],"predecessor-version":[{"id":16993,"href":"https:\/\/colgrad.direito.ufmg.br\/index.php?rest_route=\/wp\/v2\/pages\/10543\/revisions\/16993"}],"wp:attachment":[{"href":"https:\/\/colgrad.direito.ufmg.br\/index.php?rest_route=%2Fwp%2Fv2%2Fmedia&parent=10543"}],"curies":[{"name":"wp","href":"https:\/\/api.w.org\/{rel}","templated":true}]}}