{"id":285,"date":"2018-11-28T16:30:46","date_gmt":"2018-11-28T18:30:46","guid":{"rendered":"http:\/\/localhost\/colegiado\/?page_id=285"},"modified":"2019-08-07T09:13:20","modified_gmt":"2019-08-07T12:13:20","slug":"acerto-cadastral","status":"publish","type":"page","link":"https:\/\/colgrad.direito.ufmg.br\/?page_id=285","title":{"rendered":"Formul\u00e1rio &#8211; Acerto Cadastral"},"content":{"rendered":"<div id=\"columns-position\">\n<div id=\"columns\" class=\"float-break\">\n<div id=\"main-position\">\n<div id=\"main\" class=\"float-break\">\n<div class=\"overflow-fix\">\n<div class=\"border-box\">\n<div class=\"border-ml\">\n<div class=\"border-mr\">\n<div class=\"border-mc float-break\">\n<div class=\"content-view-full\">\n<div class=\"class-file\">\n<div class=\"attribute-long\">\n<p style=\"text-align: justify;\">Este formul\u00e1rio destina-se a acertar o cadastro geral do aluno junto \u00e0 UFMG que se encontra errado ou que mudaram no decorrer do curso, como o endere\u00e7o ou o estado civil por exemplo.<br \/>\n\u00c9 importante manter os dados atualizados, especialmente os referentes a contatos (endere\u00e7o e telefone).<br \/>\nQuanto aos dados pessoais (n\u00b0 de documentos, estado civil, nome, etc.) caso haja necessidade de alguma corre\u00e7\u00e3o, al\u00e9m do preenchimento do formul\u00e1rio, deve ser juntado c\u00f3pia do documento comprobat\u00f3rio.<\/p>\n<table style=\"border-collapse: collapse; width: 100%;\">\n<tbody>\n<tr>\n<td style=\"width: 100%;\">Formul\u00e1rio &#8211; <a href=\"https:\/\/colgrad.direito.ufmg.br\/wp-content\/uploads\/2019\/08\/Acerto-cadastral.pdf\">Acerto cadastral<\/a><\/td>\n<\/tr>\n<\/tbody>\n<\/table>\n<\/div>\n<div class=\"attribute-file\">\n<p>&nbsp;<\/p>\n<\/div>\n<\/div>\n<\/div>\n<\/div>\n<\/div>\n<\/div>\n<div class=\"border-bl\">\n<div class=\"border-br\">\n<div class=\"border-bc\"><\/div>\n<\/div>\n<\/div>\n<\/div>\n<\/div>\n<\/div>\n<\/div>\n<\/div>\n<\/div>\n<div id=\"footer\">\n<div class=\"border-box border-box-style2\">\n<div class=\"border-tl\">\n<div class=\"border-tr\">\n<div class=\"border-tc\"><\/div>\n<\/div>\n<\/div>\n<div class=\"border-ml\">\n<div class=\"border-mr\">\n<div class=\"border-mc\">\n<div class=\"border-content\">\n<address>\u00a0<\/address>\n<\/div>\n<\/div>\n<\/div>\n<\/div>\n<div class=\"border-bl\">\n<div class=\"border-br\">\n<div class=\"border-bc\"><\/div>\n<\/div>\n<\/div>\n<\/div>\n<\/div>\n","protected":false},"excerpt":{"rendered":"<p>Este formul\u00e1rio destina-se a acertar o cadastro geral do aluno junto \u00e0 UFMG que se encontra errado ou que mudaram no decorrer do curso, como o endere\u00e7o ou o estado&hellip;<\/p>\n","protected":false},"author":1,"featured_media":0,"parent":0,"menu_order":0,"comment_status":"closed","ping_status":"closed","template":"","meta":{"footnotes":""},"class_list":["post-285","page","type-page","status-publish","hentry"],"publishpress_future_action":{"enabled":false,"date":"2026-04-12 20:44:54","action":"change-status","newStatus":"draft","terms":[],"taxonomy":"","extraData":[]},"publishpress_future_workflow_manual_trigger":{"enabledWorkflows":[]},"_links":{"self":[{"href":"https:\/\/colgrad.direito.ufmg.br\/index.php?rest_route=\/wp\/v2\/pages\/285","targetHints":{"allow":["GET"]}}],"collection":[{"href":"https:\/\/colgrad.direito.ufmg.br\/index.php?rest_route=\/wp\/v2\/pages"}],"about":[{"href":"https:\/\/colgrad.direito.ufmg.br\/index.php?rest_route=\/wp\/v2\/types\/page"}],"author":[{"embeddable":true,"href":"https:\/\/colgrad.direito.ufmg.br\/index.php?rest_route=\/wp\/v2\/users\/1"}],"replies":[{"embeddable":true,"href":"https:\/\/colgrad.direito.ufmg.br\/index.php?rest_route=%2Fwp%2Fv2%2Fcomments&post=285"}],"version-history":[{"count":0,"href":"https:\/\/colgrad.direito.ufmg.br\/index.php?rest_route=\/wp\/v2\/pages\/285\/revisions"}],"wp:attachment":[{"href":"https:\/\/colgrad.direito.ufmg.br\/index.php?rest_route=%2Fwp%2Fv2%2Fmedia&parent=285"}],"curies":[{"name":"wp","href":"https:\/\/api.w.org\/{rel}","templated":true}]}}