{"id":5608,"date":"2022-07-19T18:33:53","date_gmt":"2022-07-19T21:33:53","guid":{"rendered":"https:\/\/colgrad.direito.ufmg.br\/?page_id=5608"},"modified":"2022-08-22T16:14:03","modified_gmt":"2022-08-22T19:14:03","slug":"enade-2022","status":"publish","type":"page","link":"https:\/\/colgrad.direito.ufmg.br\/?page_id=5608","title":{"rendered":"ENADE 2022"},"content":{"rendered":"<p><b>ENADE 2022<\/b><\/p>\n<p>Segundo a portaria\u00a0 MEC n\u00ba 41 de 20\/01\/2022, que estabelece o regulamento do ENADE 2022, os alunos do curso de Direito dever\u00e3o se submeter ao exame no corrente ano.<\/p>\n<p><strong>\u00c9 RESPONSABILIDADE DO ESTUDANTE A LEITURA\u00a0 DO EDITAL DISPON\u00cdVEL EM<\/strong>: https:\/\/portal.in.gov.br\/web\/dou\/-\/edital-n-51-de-24-de-junho-de-2022-*-411675066.<\/p>\n<p>As provas ser\u00e3o realizadas no dia 27 de novembro de 2022.<\/p>\n<p>Os estudantes que dever\u00e3o <b>obrigatoriamente<\/b> submeter-se \u00e0 prova do ENADE, s\u00e3o aqueles tenham cumprido oitenta por cento ou mais da carga hor\u00e1ria m\u00ednima do curr\u00edculo do curso at\u00e9 o dia 31 de agosto de 2022 ou que tenham expectativa de conclus\u00e3o do curso at\u00e9 julho de 2023 ,\u00a0 ainda que n\u00e3o tenham cumprido at\u00e9 agosto 2022 os 80% da carga hor\u00e1ria\u00a0 .<\/p>\n<p>A n\u00e3o realiza\u00e7\u00e3o da prova implica em atraso na cola\u00e7\u00e3o de grau que somente poder\u00e1 ser realizada ap\u00f3s a regulariza\u00e7\u00e3o da situa\u00e7\u00e3o do aluno junto ao INEP que\u00a0 ocorrer\u00e1 apenas em julho de 2023 .<\/p>\n<p><b>As inscri\u00e7\u00f5es s\u00e3o realizadas pela pr\u00f3pria UFMG e os alunos dever\u00e3o estar atentos \u00e0s seguintes orienta\u00e7\u00f5es:<\/b><\/p>\n<p>N\u00e3o ir\u00e3o realizar as provas do ENADE 2022 os estudantes que :<\/p>\n<p>1-que colarem grau at\u00e9 o dia 31 de agosto de 2022;<\/p>\n<p>2- que n\u00e3o tenham previs\u00e3o de cola\u00e7\u00e3o de grau AT\u00c9 JULHO DE 2023 .<\/p>\n<p>Os estudantes\u00a0 que estejam cursando atividades curriculares fora do Brasil <b>na data de <\/b><b>realiza\u00e7\u00e3o do ENADE<\/b>, em institui\u00e7\u00e3o conveniada com a UFMG\u00a0 est\u00e3o dispensados de realizar a prova <b>MAS ser\u00e3o inscritos e devem, OBRIGATORIAMENTE responder o question\u00e1rio dos estudantes sob pena de ficarem em situa\u00e7\u00e3o irregular.<\/b><\/p>\n<p>O ENADE \u00e9 componente curricular obrigat\u00f3rio do curso.<\/p>\n<p><i>O\u00a0 Edital n. 51, de 24 de junho de 2022, disp\u00f5e\u00a0 :<\/i><\/p>\n<p><i>\u201c6.7 A exist\u00eancia de irregularidade no Enade impossibilita a cola\u00e7\u00e3o de grau do estudante, em decorr\u00eancia da n\u00e3o conclus\u00e3o do curso, por aus\u00eancia de cumprimento de componente curricular obrigat\u00f3rio, conforme previsto no \u00a7 5\u00ba do art. 5\u00ba da Lei n\u00ba 10.861, de 2004.\u201d<\/i><\/p>\n<p>Estamos divulgando a listagem dos alunos com\u00a0 80% ou mais da carga hor\u00e1ria m\u00ednima do curr\u00edculo do curso, inclusive com os\u00a0 inscritos para a cola\u00e7\u00e3o de grau de agosto 2022 .<\/p>\n<p>Os alunos que colarem grau at\u00e9 30\/08\/2022 ser\u00e3o exclu\u00eddos posteriormente pelo pr\u00f3prio Colegiado independente de solicita\u00e7\u00e3o .<\/p>\n<p>Verifiquem com aten\u00e7\u00e3o se seu nome consta da lista .<\/p>\n<p>Verifique seus dados no\u00a0 SIGA, que devem estar iguais aos da Receita Federal (nome &#8211; grafia e CPF &#8211; n\u00famero) para inscri\u00e7\u00e3o e, caso haja algum erro, procure a Se\u00e7\u00e3o de Ensino com os comprovantes para as altera\u00e7\u00f5es necess\u00e1rias. A inconsist\u00eancia de qualquer informa\u00e7\u00e3o impede a inscri\u00e7\u00e3o determinando a irregularidade do estudante. <b>Irregularidades mais comuns: altera\u00e7\u00e3o do nome ou sobrenome, erro no CPF .<\/b><\/p>\n<p>Verifiquem tamb\u00e9m se a\u00a0 data de conclus\u00e3o do ensino m\u00e9dio est\u00e1 correta no SIGA e em caso contr\u00e1rio, solicitem imediata corre\u00e7\u00e3o junto a Se\u00e7\u00e3o de Ensino.<\/p>\n<p>LEMBRAMOS A TODOS QUE AINDA N\u00c3O REALIZARAM O RECONHECIMENTO DE EST\u00c1GIO E DE ACG QUE A CARGA HOR\u00c1RIA DE TAIS ATIVIDADES \u00c9 ALTA E ASSIM ALUNOS QUE AINDA N\u00c3O T\u00caM 80% DE CARGA INTEGRALIZADA PODEM ESTAR EM CONDI\u00c7\u00d5ES DE COLAR GRAU ANTES DE JULHO 2023 E SOMENTE PODER\u00c3O FAZ\u00ca-LO CASO TENHAM REALIZADO A PROVA DO ENADE 2022 .<\/p>\n<p><b>Caso verifiquem que o nome n\u00e3o est\u00e1 relacionado e que existe a possibilidade,\u00a0 ainda que m\u00ednima , de integraliza\u00e7\u00e3o antes de julho 2023 , solicite a inclus\u00e3o de seu nome atrav\u00e9s do formul\u00e1rio pr\u00f3prio .<\/b><\/p>\n<p><span style=\"font-size: 12pt;\">LISTA DE ALUNOS COM 80 % OU\u00a0 MAIS DE CARGA HOR\u00c1RIA INTEGRALIZADA\u00a0 :\u00a0 <a href=\"https:\/\/colgrad.direito.ufmg.br\/wp-content\/uploads\/2022\/07\/80-e-mais-.pdf\">80% e mais<\/a><\/span><span style=\"font-size: 12pt;\"><br \/>\n<\/span><\/p>\n<p><span style=\"font-size: 12pt;\">FORMUL\u00c1RIO PARA SOLICITA\u00c7\u00c3O DE INCLUS\u00c3O NA LISTA DE INSCRITOS :\u00a0 <\/span><a href=\"https:\/\/colgrad.direito.ufmg.br\/wp-content\/uploads\/2022\/07\/Enade-2022-INCLUSAO.pdf\">Enade 2022 &#8211; INCLUS\u00c3O<\/a><\/p>\n<p>O FORMUL\u00c1RIO PARA INCLUS\u00c3O NA LISTA DE INSCRITOS <span style=\"color: #ff0000;\">DEVE SER ENVIADO EM PDF\u00a0 EXCLUSIVAMENTE PARA O E-MAIL\u00a0 <\/span><span class=\"qu\" tabindex=\"-1\" role=\"gridcell\" translate=\"no\"><span class=\"go\"><span style=\"color: #ff0000;\">enade@direito.ufmg.br<\/span> . <\/span><\/span><\/p>\n<p><span class=\"qu\" tabindex=\"-1\" role=\"gridcell\" translate=\"no\"><span class=\"go\">PEDIMOS QUE N\u00c3O COPIEM OUTROS SETORES NAS MENSAGENS .<br \/>\n<\/span><\/span><\/p>\n<p><span class=\"qu\" tabindex=\"-1\" role=\"gridcell\" translate=\"no\"><span class=\"go\"> NO ASSUNTO DEVER\u00c1 SER INDICADO OBRIGATORIAMENTE O NOME E N\u00daMERO DE MATR\u00cdCULA .<\/span><\/span><\/p>\n<p>MENSAGENS ENVIADAS PARA OUTROS ENDERE\u00c7OS DE E-MAIL SER\u00c3O DESCONSIDERADAS .<\/p>\n<p>&nbsp;<\/p>\n<p>&nbsp;<\/p>\n<p>&nbsp;<\/p>\n","protected":false},"excerpt":{"rendered":"<p>ENADE 2022 Segundo a portaria\u00a0 MEC n\u00ba 41 de 20\/01\/2022, que estabelece o regulamento do ENADE 2022, os alunos do curso de Direito dever\u00e3o se submeter ao exame no corrente&hellip;<\/p>\n","protected":false},"author":1,"featured_media":0,"parent":0,"menu_order":0,"comment_status":"closed","ping_status":"closed","template":"","meta":{"footnotes":""},"class_list":["post-5608","page","type-page","status-publish","hentry"],"publishpress_future_action":{"enabled":false,"date":"2026-04-11 00:53:36","action":"change-status","newStatus":"draft","terms":[],"taxonomy":"","extraData":[]},"publishpress_future_workflow_manual_trigger":{"enabledWorkflows":[]},"_links":{"self":[{"href":"https:\/\/colgrad.direito.ufmg.br\/index.php?rest_route=\/wp\/v2\/pages\/5608","targetHints":{"allow":["GET"]}}],"collection":[{"href":"https:\/\/colgrad.direito.ufmg.br\/index.php?rest_route=\/wp\/v2\/pages"}],"about":[{"href":"https:\/\/colgrad.direito.ufmg.br\/index.php?rest_route=\/wp\/v2\/types\/page"}],"author":[{"embeddable":true,"href":"https:\/\/colgrad.direito.ufmg.br\/index.php?rest_route=\/wp\/v2\/users\/1"}],"replies":[{"embeddable":true,"href":"https:\/\/colgrad.direito.ufmg.br\/index.php?rest_route=%2Fwp%2Fv2%2Fcomments&post=5608"}],"version-history":[{"count":0,"href":"https:\/\/colgrad.direito.ufmg.br\/index.php?rest_route=\/wp\/v2\/pages\/5608\/revisions"}],"wp:attachment":[{"href":"https:\/\/colgrad.direito.ufmg.br\/index.php?rest_route=%2Fwp%2Fv2%2Fmedia&parent=5608"}],"curies":[{"name":"wp","href":"https:\/\/api.w.org\/{rel}","templated":true}]}}