{"id":59,"date":"2018-11-27T15:49:06","date_gmt":"2018-11-27T17:49:06","guid":{"rendered":"http:\/\/localhost\/colegiado\/?page_id=59"},"modified":"2026-03-16T12:29:47","modified_gmt":"2026-03-16T15:29:47","slug":"formularios-secao-de-ensino","status":"publish","type":"page","link":"https:\/\/colgrad.direito.ufmg.br\/?page_id=59","title":{"rendered":"Formul\u00e1rios Se\u00e7\u00e3o de Ensino"},"content":{"rendered":"<div class=\"border-ml\">\n<div class=\"border-mr\">\n<div class=\"border-mc float-break\">\n<div class=\"content-view-full\">\n<div class=\"class-folder\">\n<div class=\"attribute-short\">\n<p><span class=\"fontstyle0\">Comunicamos, de ordem da Reitoria, a<span style=\"color: #ff0000;\">\u00a0<strong>gratuidade para emiss\u00e3o de documentos escolares nos cursos de gradua\u00e7\u00e3o e de p\u00f3s-gradua\u00e7\u00e3o\u00a0<\/strong><\/span><\/span><span style=\"color: #ff0000;\"><strong><span class=\"fontstyle2\">strictu sensu<\/span><\/strong><span class=\"fontstyle0\">.<\/span><\/span><\/p>\n<p class=\" text-center\" style=\"text-align: justify;\"><span style=\"font-size: 14pt;\"><b>ATEN\u00c7\u00c3O<\/b><\/span><\/p>\n<p class=\" text-center\" style=\"text-align: justify;\">Os documentos dever\u00e3o ser solicitados para o e-mail:<\/p>\n<p class=\" text-center\" style=\"text-align: justify;\"><span style=\"font-size: 14pt;\"><strong><span style=\"color: #ff0000;\">sensino@direito.ufmg.br<\/span>,<\/strong><\/span> com o formul\u00e1rio devidamente preenchido.<\/p>\n<p class=\" text-center\" style=\"text-align: justify;\">A Se\u00e7\u00e3o de Ensino emitir\u00e1 o documento dentro do prazo informado no formul\u00e1rio.<\/p>\n<p class=\" text-center\" style=\"text-align: justify;\">As informa\u00e7\u00f5es espec\u00edficas de cada formul\u00e1rio est\u00e3o no respectivo link:<\/p>\n<\/div>\n<table style=\"border-collapse: collapse; width: 156.834%; height: 154px;\">\n<tbody>\n<tr style=\"height: 24px;\">\n<td style=\"width: 100%; height: 24px;\"><strong><a href=\"https:\/\/colgrad.direito.ufmg.br\/wp-content\/uploads\/2025\/06\/FORMULARIO-COLACAO-DE-GRAU.pdf\">Inscri\u00e7\u00e3o para Cola\u00e7\u00e3o de Grau<\/a><\/strong><\/p>\n<p><a href=\"https:\/\/colgrad.direito.ufmg.br\/wp-content\/uploads\/2025\/08\/SOLICITACAO-DE-DOCUMENTOS-COM-RECIBO-NOVA-GRU.pdf\">Solicita\u00e7\u00e3o de Documentos <\/a>\u00a0(atestado de matr\u00edculas, comprovante de comparecimento em provas, frequ\u00eancia);<\/p>\n<p><a href=\"https:\/\/colgrad.direito.ufmg.br\/wp-content\/uploads\/2025\/04\/REQUERIMENTO-DE-EMISSAO-DE-DIPLOMA.pdf\">Requerimento de 1\u00aa via de Diploma<\/a><\/p>\n<p><strong>Requerimento 2 via de diploma<\/strong> &#8211; Diretamente com o DRCA atrav\u00e9s do link: <a href=\"https:\/\/www2.ufmg.br\/drca\/drca\/Home\/Registro-de-Diplomas\/2a-Via-de-Diploma\">https:\/\/www2.ufmg.br\/drca\/drca\/Home\/Registro-de-Diplomas\/2a-Via-de-Diploma<\/a><\/p>\n<p><a href=\"https:\/\/colgrad.direito.ufmg.br\/wp-content\/uploads\/2026\/03\/REQUERIMENTO-DE-MATRICULA-EM-OPTATIVAS.-NOVO-2026doc.pdf\">REQUERIMENTO DE MATRICULA EM OPTATIVAS<\/a><\/p>\n<p>Requerimento de <a href=\"https:\/\/colgrad.direito.ufmg.br\/wp-content\/uploads\/2025\/08\/Requerimento-de-Acerto-de-Matriculas-atualizado-2025.pdf\"> Acerto de Matr\u00edculas\u00a0<\/a><\/td>\n<\/tr>\n<tr style=\"height: 24px;\">\n<td style=\"width: 100%; height: 24px;\">Trancamentos Total\/Parcial de Matr\u00edculas &#8211; <strong>somente pelo SIGA<\/strong><\/td>\n<\/tr>\n<tr style=\"height: 24px;\">\n<td style=\"width: 100%; height: 24px;\"><a href=\".\/?page_id=285\">Acerto Cadastral<\/a><\/td>\n<\/tr>\n<tr style=\"height: 24px;\">\n<td style=\"width: 100%; height: 24px;\"><\/td>\n<\/tr>\n<tr style=\"height: 24px;\">\n<td style=\"width: 100%; height: 24px;\"><a href=\".\/?page_id=633\">Disciplinas Isoladas<\/a><\/td>\n<\/tr>\n<tr style=\"height: 24px;\">\n<td style=\"width: 100%; height: 24px;\"><\/td>\n<\/tr>\n<tr style=\"height: 24px;\">\n<td style=\"width: 100%; height: 10px;\"><\/td>\n<\/tr>\n<\/tbody>\n<\/table>\n<\/div>\n<\/div>\n<\/div>\n<\/div>\n<\/div>\n","protected":false},"excerpt":{"rendered":"<p>Comunicamos, de ordem da Reitoria, a\u00a0gratuidade para emiss\u00e3o de documentos escolares nos cursos de gradua\u00e7\u00e3o e de p\u00f3s-gradua\u00e7\u00e3o\u00a0strictu sensu. ATEN\u00c7\u00c3O Os documentos dever\u00e3o ser solicitados para o e-mail: sensino@direito.ufmg.br, com&hellip;<\/p>\n","protected":false},"author":1,"featured_media":0,"parent":0,"menu_order":0,"comment_status":"closed","ping_status":"closed","template":"","meta":{"footnotes":""},"class_list":["post-59","page","type-page","status-publish","hentry"],"publishpress_future_action":{"enabled":false,"date":"2026-04-12 00:04:19","action":"change-status","newStatus":"draft","terms":[],"taxonomy":"","extraData":[]},"publishpress_future_workflow_manual_trigger":{"enabledWorkflows":[]},"_links":{"self":[{"href":"https:\/\/colgrad.direito.ufmg.br\/index.php?rest_route=\/wp\/v2\/pages\/59","targetHints":{"allow":["GET"]}}],"collection":[{"href":"https:\/\/colgrad.direito.ufmg.br\/index.php?rest_route=\/wp\/v2\/pages"}],"about":[{"href":"https:\/\/colgrad.direito.ufmg.br\/index.php?rest_route=\/wp\/v2\/types\/page"}],"author":[{"embeddable":true,"href":"https:\/\/colgrad.direito.ufmg.br\/index.php?rest_route=\/wp\/v2\/users\/1"}],"replies":[{"embeddable":true,"href":"https:\/\/colgrad.direito.ufmg.br\/index.php?rest_route=%2Fwp%2Fv2%2Fcomments&post=59"}],"version-history":[{"count":22,"href":"https:\/\/colgrad.direito.ufmg.br\/index.php?rest_route=\/wp\/v2\/pages\/59\/revisions"}],"predecessor-version":[{"id":16656,"href":"https:\/\/colgrad.direito.ufmg.br\/index.php?rest_route=\/wp\/v2\/pages\/59\/revisions\/16656"}],"wp:attachment":[{"href":"https:\/\/colgrad.direito.ufmg.br\/index.php?rest_route=%2Fwp%2Fv2%2Fmedia&parent=59"}],"curies":[{"name":"wp","href":"https:\/\/api.w.org\/{rel}","templated":true}]}}