{"id":633,"date":"2018-12-04T15:57:14","date_gmt":"2018-12-04T17:57:14","guid":{"rendered":"http:\/\/localhost\/colegiado\/?page_id=633"},"modified":"2019-05-29T17:07:46","modified_gmt":"2019-05-29T20:07:46","slug":"disciplinas-isoladas","status":"publish","type":"page","link":"https:\/\/colgrad.direito.ufmg.br\/?page_id=633","title":{"rendered":"Formul\u00e1rio &#8211; Disciplinas Isoladas"},"content":{"rendered":"<div id=\"columns-position\">\n<div id=\"columns\" class=\"float-break\">\n<div id=\"main-position\">\n<div id=\"main\" class=\"float-break\">\n<div class=\"overflow-fix\">\n<div class=\"border-box\">\n<div class=\"border-ml\">\n<div class=\"border-mr\">\n<div class=\"border-mc float-break\">\n<div class=\"content-view-full\">\n<div class=\"class-file\">\n<div class=\"attribute-long\">\n<p style=\"text-align: justify;\">Processada a matr\u00edcula dos alunos do Curso de Gradua\u00e7\u00e3o em Direito da UFMG, bem como dos alunos de outros cursos da UFMG interessados em cursar disciplinas integrantes da matriz curricular do curso de Direito como eletivas ou forma\u00e7\u00e3o complementar, ser\u00e3o apuradas as vagas remanescentes, que poder\u00e3o ser, a crit\u00e9rio do Colegiado de Gradua\u00e7\u00e3o, ofertadas \u00e0 comunidade em geral, como disciplinas isoladas, conforme a <a href=\".\/wp-content\/uploads\/2018\/12\/10-REGULAMENTA-MATRICULA-EM-DISCIPLINAS-ISOLADAS.pdf\">Resolu\u00e7\u00e3o 10\u00a0 de 02\/06\/2009- Regulamenta a matr\u00edcula em disciplinas isoladas<\/a>.<\/p>\n<table style=\"border-collapse: collapse; width: 100%;\">\n<tbody>\n<tr>\n<td style=\"width: 100%;\"><a href=\"https:\/\/www2.ufmg.br\/drca\/drca\/Home\/Graduacao\/Disciplina-Isolada\/Disciplina-Isolada-2019-11\">Procedimentos para matr\u00edcula em disciplina isolada<\/a><\/td>\n<\/tr>\n<tr>\n<td style=\"width: 100%;\"><a href=\".\/wp-content\/uploads\/2019\/01\/Formul\u00e1rio-Isolada.pdf\">Formul\u00e1rio para matr\u00edcula em disciplina isolada<\/a><\/td>\n<\/tr>\n<\/tbody>\n<\/table>\n<\/div>\n<\/div>\n<\/div>\n<\/div>\n<\/div>\n<\/div>\n<\/div>\n<\/div>\n<\/div>\n<\/div>\n<\/div>\n<\/div>\n<div id=\"footer\">\n<div class=\"border-box border-box-style2\">\n<div class=\"border-tl\">\n<div class=\"border-tr\">\n<div class=\"border-tc\"><\/div>\n<\/div>\n<\/div>\n<div class=\"border-ml\">\n<div class=\"border-mr\">\n<div class=\"border-mc\">\n<div class=\"border-content\"><\/div>\n<\/div>\n<\/div>\n<\/div>\n<\/div>\n<\/div>\n","protected":false},"excerpt":{"rendered":"<p>Processada a matr\u00edcula dos alunos do Curso de Gradua\u00e7\u00e3o em Direito da UFMG, bem como dos alunos de outros cursos da UFMG interessados em cursar disciplinas integrantes da matriz curricular&hellip;<\/p>\n","protected":false},"author":1,"featured_media":0,"parent":0,"menu_order":0,"comment_status":"closed","ping_status":"closed","template":"","meta":{"footnotes":""},"class_list":["post-633","page","type-page","status-publish","hentry"],"publishpress_future_action":{"enabled":false,"date":"2026-04-11 00:49:51","action":"change-status","newStatus":"draft","terms":[],"taxonomy":"","extraData":[]},"publishpress_future_workflow_manual_trigger":{"enabledWorkflows":[]},"_links":{"self":[{"href":"https:\/\/colgrad.direito.ufmg.br\/index.php?rest_route=\/wp\/v2\/pages\/633","targetHints":{"allow":["GET"]}}],"collection":[{"href":"https:\/\/colgrad.direito.ufmg.br\/index.php?rest_route=\/wp\/v2\/pages"}],"about":[{"href":"https:\/\/colgrad.direito.ufmg.br\/index.php?rest_route=\/wp\/v2\/types\/page"}],"author":[{"embeddable":true,"href":"https:\/\/colgrad.direito.ufmg.br\/index.php?rest_route=\/wp\/v2\/users\/1"}],"replies":[{"embeddable":true,"href":"https:\/\/colgrad.direito.ufmg.br\/index.php?rest_route=%2Fwp%2Fv2%2Fcomments&post=633"}],"version-history":[{"count":0,"href":"https:\/\/colgrad.direito.ufmg.br\/index.php?rest_route=\/wp\/v2\/pages\/633\/revisions"}],"wp:attachment":[{"href":"https:\/\/colgrad.direito.ufmg.br\/index.php?rest_route=%2Fwp%2Fv2%2Fmedia&parent=633"}],"curies":[{"name":"wp","href":"https:\/\/api.w.org\/{rel}","templated":true}]}}