{"id":77,"date":"2018-11-28T13:10:51","date_gmt":"2018-11-28T15:10:51","guid":{"rendered":"http:\/\/localhost\/colegiado\/?page_id=77"},"modified":"2021-07-23T13:18:23","modified_gmt":"2021-07-23T16:18:23","slug":"reunioes-do-colgrad","status":"publish","type":"page","link":"https:\/\/colgrad.direito.ufmg.br\/?page_id=77","title":{"rendered":"Reuni\u00f5es\/Atas do Colegiado"},"content":{"rendered":"<table style=\"border-collapse: collapse; width: 100%;\">\n<tbody>\n<tr>\n<td style=\"width: 100%;\"><a href=\".\/?page_id=720\">Pauta da Pr\u00f3xima Re<\/a><a href=\".\/?page_id=720\">uni\u00e3o do Colegiado<\/a><\/td>\n<\/tr>\n<tr>\n<td style=\"width: 100%;\"><a href=\".\/?page_id=160\">Atas das Reuni\u00f5es do Colegiado<\/a><\/td>\n<\/tr>\n<\/tbody>\n<\/table>\n<p>&nbsp;<\/p>\n","protected":false},"excerpt":{"rendered":"<p>Pauta da Pr\u00f3xima Reuni\u00e3o do Colegiado Atas das Reuni\u00f5es do Colegiado &nbsp;<\/p>\n","protected":false},"author":1,"featured_media":0,"parent":0,"menu_order":0,"comment_status":"closed","ping_status":"closed","template":"","meta":{"footnotes":""},"class_list":["post-77","page","type-page","status-publish","hentry"],"publishpress_future_action":{"enabled":false,"date":"2026-04-23 03:33:09","action":"change-status","newStatus":"draft","terms":[],"taxonomy":"","extraData":[]},"publishpress_future_workflow_manual_trigger":{"enabledWorkflows":[]},"_links":{"self":[{"href":"https:\/\/colgrad.direito.ufmg.br\/index.php?rest_route=\/wp\/v2\/pages\/77","targetHints":{"allow":["GET"]}}],"collection":[{"href":"https:\/\/colgrad.direito.ufmg.br\/index.php?rest_route=\/wp\/v2\/pages"}],"about":[{"href":"https:\/\/colgrad.direito.ufmg.br\/index.php?rest_route=\/wp\/v2\/types\/page"}],"author":[{"embeddable":true,"href":"https:\/\/colgrad.direito.ufmg.br\/index.php?rest_route=\/wp\/v2\/users\/1"}],"replies":[{"embeddable":true,"href":"https:\/\/colgrad.direito.ufmg.br\/index.php?rest_route=%2Fwp%2Fv2%2Fcomments&post=77"}],"version-history":[{"count":0,"href":"https:\/\/colgrad.direito.ufmg.br\/index.php?rest_route=\/wp\/v2\/pages\/77\/revisions"}],"wp:attachment":[{"href":"https:\/\/colgrad.direito.ufmg.br\/index.php?rest_route=%2Fwp%2Fv2%2Fmedia&parent=77"}],"curies":[{"name":"wp","href":"https:\/\/api.w.org\/{rel}","templated":true}]}}