{"id":85,"date":"2018-11-28T13:11:39","date_gmt":"2018-11-28T15:11:39","guid":{"rendered":"http:\/\/localhost\/colegiado\/?page_id=85"},"modified":"2024-10-08T11:39:01","modified_gmt":"2024-10-08T14:39:01","slug":"resolucoes","status":"publish","type":"page","link":"https:\/\/colgrad.direito.ufmg.br\/?page_id=85","title":{"rendered":"Resolu\u00e7\u00f5es"},"content":{"rendered":"<table>\n<tbody>\n<tr>\n<td style=\"width: 100%;\"><a href=\"https:\/\/colgrad.direito.ufmg.br\/wp-content\/uploads\/2023\/08\/Resolucao-01-2023-Matricula-Alterada.pdf\">Resolu\u00e7\u00e3o 01 2023 &#8211; Regulamenta a Matr\u00edcula no curso de Direito da UFMG (ALTERADA EM 24\/08\/23)<\/a><\/td>\n<\/tr>\n<tr style=\"height: 24px;\">\n<td style=\"width: 100%; height: 24px;\"><a href=\".\/wp-content\/uploads\/2018\/12\/Resolu\u00e7\u00e3o-n\u00ba-18-2018-1.pdf\">Resolu\u00e7\u00e3o 18 de 04\/09\/2018 &#8211; Estabelece o planejamento dos hor\u00e1rios de aulas do Curso de Gradua\u00e7\u00e3o em Direito. Revoga a Resolu\u00e7\u00e3o 4 de 10\/05\/2001 e a Resolu\u00e7\u00e3o 8 de 17\/10\/2008<\/a><\/td>\n<\/tr>\n<tr style=\"height: 24px;\">\n<td style=\"width: 100%; height: 24px;\"><a href=\".\/wp-content\/uploads\/2018\/12\/RESOLU\u00c7\u00c3O-N\u00ba-17-Estabelece-o-n\u00famero-de-vagas-do-Curso-de-Direito-para-refugiados-pol\u00edticos.pdf\">Resolu\u00e7\u00e3o 17 de 09\/11\/2017 &#8211; Estabelece o n\u00famero de vagas do Curso de Direito para refugiados pol\u00edticos<\/a><\/td>\n<\/tr>\n<tr style=\"height: 24px;\">\n<td style=\"width: 100%; height: 24px;\"><a href=\".\/wp-content\/uploads\/2018\/12\/Resolu\u00e7\u00e3o-n\u00ba-16-ESTABELECE-OS-CRIT\u00c9RIOS-PARA-A-OFERTA-DE-DISCIPLINAS-DE-FORMA\u00c7\u00c3O-EM-EXTENS\u00c3O-UNIVERSIT\u00c1RIA.pdf\">Resolu\u00e7\u00e3o 16 de 04\/05\/2017 &#8211; Estabelece os crit\u00e9rios para a oferta de disciplinas de forma\u00e7\u00e3o em extens\u00e3o universit\u00e1ria<\/a><\/td>\n<\/tr>\n<tr style=\"height: 24px;\">\n<td style=\"width: 100%; height: 24px;\"><a href=\".\/wp-content\/uploads\/2019\/05\/ACG-2012-RESOLU\u00c7AO.pdf\">Resolu\u00e7\u00e3o 15 de 20\/03\/2012 &#8211; Regulamenta ACG<\/a><\/td>\n<\/tr>\n<tr style=\"height: 24px;\">\n<td style=\"width: 100%; height: 24px;\"><a href=\".\/wp-content\/uploads\/2019\/05\/RESOLU\u00c7\u00c3O-N\u00ba-14-FORMA\u00c7\u00c3O-COMPLEMENTAR.pdf\">Resolu\u00e7\u00e3o 14 de 20\/03\/2012 &#8211; Regulamenta Percurso de Integraliza\u00e7\u00e3o Curricular &#8211; Forma\u00e7\u00e3o Complementar<\/a><\/td>\n<\/tr>\n<tr style=\"height: 24px;\">\n<td style=\"width: 100%; height: 24px;\"><a href=\".\/wp-content\/uploads\/2018\/12\/RESOLU\u00c7\u00c3O-N\u00ba-14-FORMA\u00c7\u00c3O-COMPLEMENTAR.pdf\"><del>Resolu\u00e7\u00e3o 13 de 13\/04\/2010 &#8211; Regulamenta a forma\u00e7\u00e3o complementar e a forma\u00e7\u00e3o livre<\/del> &#8211; REVOGADA<\/a><\/td>\n<\/tr>\n<tr>\n<td style=\"width: 100%;\"><a href=\".\/wp-content\/uploads\/2018\/12\/Resolu\u00e7\u00e3o-n\u00b0-12-REGULAMENTA-O-TRABALHO-DE-CONCLUS\u00c3O-DO-CURSO.pdf\">Resolu\u00e7\u00e3o 12 de 27\/10\/2009 &#8211; Regulamenta o Trabalho de Conclus\u00e3o do Curso<\/a><\/td>\n<\/tr>\n<tr>\n<td style=\"width: 100%;\"><a href=\".\/wp-content\/uploads\/2018\/12\/RESOLU\u00c7\u00c3O-N\u00ba-11-REGULAMENTA-ACG-REVOGADA.pdf\"><del>Resolu\u00e7\u00e3o 11 de 22\/09\/2009- Regulamenta ACG<\/del> &#8211; REVOGADA<\/a><\/td>\n<\/tr>\n<tr>\n<td style=\"width: 100%;\"><a href=\".\/wp-content\/uploads\/2018\/12\/10-REGULAMENTA-MATRICULA-EM-DISCIPLINAS-ISOLADAS.pdf\">Resolu\u00e7\u00e3o 10\u00a0 de 02\/06\/2009- Regulamenta a matr\u00edcula em disciplinas isoladas<\/a><\/td>\n<\/tr>\n<tr>\n<td style=\"width: 100%;\"><a href=\".\/wp-content\/uploads\/2018\/12\/RESOLU\u00c7\u00c3O-N\u00ba-08-ESTABELECE-O-PLANEJAMENTO-DE-HOR\u00c1RIOS-VERS\u00c3O-CURRICULAR-2008-1.pdf\"><del>Resolu\u00e7\u00e3o 08 de 17\/10\/2008 &#8211; Estabelece o planejamento de hor\u00e1rios &#8211; Vers\u00e3o Curricular 2008-1<\/del> &#8211; REVOGADA<\/a><\/td>\n<\/tr>\n<tr>\n<td style=\"width: 100%;\"><a href=\".\/wp-content\/uploads\/2018\/12\/RESOLU\u00c7\u00c3O-N\u00ba-07-REGULAMENTA-A-COMPROVA\u00c7\u00c3O-DE-CONHECIMENTOS-ABREVIA\u00c7\u00c3O-DO-CURSO.pdf\">Resolu\u00e7\u00e3o 07 de 07\/07\/2008 &#8211; Regulamenta a comprova\u00e7\u00e3o de conhecimentos &#8211; Abrevia\u00e7\u00e3o do curso<\/a><\/td>\n<\/tr>\n<tr>\n<td style=\"width: 100%;\"><a href=\".\/wp-content\/uploads\/2018\/12\/RESOLU\u00c7\u00c3O-N\u00ba-06-REGULAMENTA-A-MONOGRAFIA-FINAL-DE-CURSO.pdf\"><del>Resolu\u00e7\u00e3o 06 de 07\/04\/2008 &#8211; Regulamenta a monografia final de curso<\/del> &#8211; REVOGADA<\/a><\/td>\n<\/tr>\n<tr>\n<td style=\"width: 100%;\"><a href=\".\/wp-content\/uploads\/2018\/12\/RESOLU\u00c7\u00c3O-N\u00ba-05-REGULAMENTA-A-DISPENSA-DE-DISCIPLINAS-Alterada-em-01-06-2017.pdf\">Resolu\u00e7\u00e3o 05 de 19\/12\/2007 &#8211; Regulamenta a dispensa de disciplinas &#8211; Alterada em 01\/06\/2017<\/a><\/td>\n<\/tr>\n<tr>\n<td style=\"width: 100%;\"><a href=\".\/wp-content\/uploads\/2018\/12\/RESOLU\u00c7\u00c3O-N\u00ba-04-ESTABELECE-CRIT\u00c9RIOS-PARA-PLANEJAMENTO-DE-HOR\u00c1RIOS-VERS\u00d5ES-2003-2-E-2004-1.pdf\"><del>Resolu\u00e7\u00e3o 04 de 10\/05\/2001 &#8211; Estabelece crit\u00e9rios para planejamento de hor\u00e1rios &#8211; Vers\u00f5es Curriculares 2003-2 e 2004-1<\/del> &#8211; REVOGADA<\/a><\/td>\n<\/tr>\n<tr>\n<td style=\"width: 100%;\"><a href=\".\/wp-content\/uploads\/2018\/12\/RESOLU\u00c7\u00c3O-N\u00ba-03-CRIA-O-NPJ-E-REGULAMENTA-O-EST\u00c1GIO-CURRICULAR.pdf\">Resolu\u00e7\u00e3o 03 de 28\/09\/1999 &#8211; Cria o N\u00facleo de Pr\u00e1tica Jur\u00eddica e regulamenta o est\u00e1gio curricular<\/a><\/td>\n<\/tr>\n<tr>\n<td style=\"width: 100%;\"><a href=\"https:\/\/colgrad.direito.ufmg.br\/wp-content\/uploads\/2024\/02\/RESOLUCAO-03-2023-AFERICAO-DE-APROVEITAMENTO-ESCOLAR.pdf\">Resolu\u00e7\u00e3o 03 de 25\/10\/2023 &#8211; Regulamenta a Aferi\u00e7\u00e3o do Aproveitamento Escolar<\/a><\/td>\n<\/tr>\n<tr>\n<td style=\"width: 100%;\"><a href=\"https:\/\/colgrad.direito.ufmg.br\/wp-content\/uploads\/2023\/06\/Resolucao-No02-2023-Mudanca-de-Turno.pdf\">Resolu\u00e7\u00e3o 02 de 29\/06\/2023 &#8211; Regulamenta o procedimento de Mudan\u00e7a de Turno para os cursos de Direito, no \u00e2mbito da Faculdade de Direito da Universidade Federal de Minas Gerais. <\/a><\/td>\n<\/tr>\n<\/tbody>\n<\/table>\n<p>&nbsp;<\/p>\n<p>&nbsp;<\/p>\n<table style=\"border-collapse: collapse; width: 100%;\">\n<tbody>\n<tr>\n<td style=\"width: 99.8333%;\"><a href=\".\/wp-content\/uploads\/2018\/12\/RESOLU\u00c7\u00c3O-ACG-VERS\u00c3O-CURRICULAR-2003-E-2004.pdf\">Resolu\u00e7\u00e3o 02\/2001 &#8211; Regulamenta ACG &#8211; Vers\u00f5es Curriculares 2003-2 e 2004-1<\/a><\/td>\n<\/tr>\n<tr>\n<td style=\"width: 99.8333%;\"><a href=\".\/wp-content\/uploads\/2018\/12\/RESOLU\u00c7\u00c3O-DIRETORIA-N\u00ba-02-2008-VAGAS-PARA-REOP\u00c7\u00c3O-E-REMATR\u00cdCULA-atualizada-em-22-05-17.pdf\">Resolu\u00e7\u00e3o Diretoria 02 de 02\/06\/2008 &#8211; Estabelece normas pra distribui\u00e7\u00e3o de vagas remanescentes, nas modalidades de Reop\u00e7\u00e3o e Rematr\u00edcula &#8211; atualizada em 22\/05\/17<\/a><\/td>\n<\/tr>\n<tr>\n<td style=\"width: 99.8333%;\"><a href=\".\/?page_id=85\">Resolu\u00e7\u00e3o Cepe &#8211; Dispensa de Disciplinas<\/a><\/td>\n<\/tr>\n<tr>\n<td style=\"width: 99.8333%;\"><a href=\"https:\/\/colgrad.direito.ufmg.br\/wp-content\/uploads\/2021\/08\/12rescepe2018colegiadocursodedireito.pdf\">Resolu\u00e7\u00e3o CEPE 12\/2018 \u2013 Estabelece a composi\u00e7\u00e3o do Colegiado do curso de Gradua\u00e7\u00e3o em Direito<\/a><\/td>\n<\/tr>\n<tr>\n<td style=\"width: 99.8333%;\"><a href=\"https:\/\/colgrad.direito.ufmg.br\/wp-content\/uploads\/2024\/05\/Portaria-03-2024-1.pdf\">Portaria 03\/2024<\/a><\/td>\n<\/tr>\n<tr>\n<td style=\"width: 99.8333%;\"><a href=\"https:\/\/colgrad.direito.ufmg.br\/wp-content\/uploads\/2024\/10\/ilovepdf_merged.pdf\">Portaria 04\/2024 &#8211; Trabalho de Conclus\u00e3o de Curso<\/a><\/td>\n<\/tr>\n<\/tbody>\n<\/table>\n","protected":false},"excerpt":{"rendered":"<p>Resolu\u00e7\u00e3o 01 2023 &#8211; Regulamenta a Matr\u00edcula no curso de Direito da UFMG (ALTERADA EM 24\/08\/23) Resolu\u00e7\u00e3o 18 de 04\/09\/2018 &#8211; Estabelece o planejamento dos hor\u00e1rios de aulas do Curso&hellip;<\/p>\n","protected":false},"author":1,"featured_media":0,"parent":0,"menu_order":0,"comment_status":"closed","ping_status":"closed","template":"","meta":{"footnotes":""},"class_list":["post-85","page","type-page","status-publish","hentry"],"publishpress_future_action":{"enabled":false,"date":"2026-04-22 16:20:45","action":"change-status","newStatus":"draft","terms":[],"taxonomy":"","extraData":[]},"publishpress_future_workflow_manual_trigger":{"enabledWorkflows":[]},"_links":{"self":[{"href":"https:\/\/colgrad.direito.ufmg.br\/index.php?rest_route=\/wp\/v2\/pages\/85","targetHints":{"allow":["GET"]}}],"collection":[{"href":"https:\/\/colgrad.direito.ufmg.br\/index.php?rest_route=\/wp\/v2\/pages"}],"about":[{"href":"https:\/\/colgrad.direito.ufmg.br\/index.php?rest_route=\/wp\/v2\/types\/page"}],"author":[{"embeddable":true,"href":"https:\/\/colgrad.direito.ufmg.br\/index.php?rest_route=\/wp\/v2\/users\/1"}],"replies":[{"embeddable":true,"href":"https:\/\/colgrad.direito.ufmg.br\/index.php?rest_route=%2Fwp%2Fv2%2Fcomments&post=85"}],"version-history":[{"count":17,"href":"https:\/\/colgrad.direito.ufmg.br\/index.php?rest_route=\/wp\/v2\/pages\/85\/revisions"}],"predecessor-version":[{"id":11672,"href":"https:\/\/colgrad.direito.ufmg.br\/index.php?rest_route=\/wp\/v2\/pages\/85\/revisions\/11672"}],"wp:attachment":[{"href":"https:\/\/colgrad.direito.ufmg.br\/index.php?rest_route=%2Fwp%2Fv2%2Fmedia&parent=85"}],"curies":[{"name":"wp","href":"https:\/\/api.w.org\/{rel}","templated":true}]}}